{"id":6927,"date":"2026-05-12T16:32:42","date_gmt":"2026-05-12T14:32:42","guid":{"rendered":"https:\/\/www.campusdescriptura.com\/somnis-de-palestina\/"},"modified":"2026-05-12T16:49:25","modified_gmt":"2026-05-12T14:49:25","slug":"somnis-de-palestina","status":"publish","type":"page","link":"https:\/\/www.campusdescriptura.com\/es\/somnis-de-palestina\/","title":{"rendered":"Sue\u00f1os de Palestina"},"content":{"rendered":"\n<p><\/p>\n\n\n\n<div class=\"wp-block-uagb-container uagb-block-7c4ab1ac alignfull uagb-is-root-container\"><div class=\"uagb-container-inner-blocks-wrap\">\n<div class=\"wp-block-uagb-advanced-heading uagb-block-bb403e1b\"><h1 class=\"uagb-heading-text\">Sue\u00f1os de Palestina<\/h1><\/div>\n\n\n\n<div class=\"wp-block-uagb-advanced-heading uagb-block-c5a514da\"><h2 class=\"uagb-heading-text\"><em>Sembrar historias. Dejar crecer los olivos <\/em><\/h2><\/div>\n<\/div><\/div>\n\n\n\n<div class=\"wp-block-uagb-container uagb-block-1e5bfd9c alignfull uagb-is-root-container\"><div class=\"uagb-container-inner-blocks-wrap\">\n<p class=\"has-medium-font-size\"><strong>De la mano de la Embajada de Palestina, Escuela de Escritores, la Asociaci\u00f3n Colegial de Escritores y la Escola d&#8217;Escriptura de l&#8217;Ateneu Barcelon\u00e8s lanzan juntas Sue\u00f1os de Palestina, una iniciativa literaria que rinde homenaje a la narraci\u00f3n oral palestina, la hikaye, declarada Patrimonio Cultural Inmaterial de la Humanidad por la UNESCO en 2008.<\/strong><\/p>\n\n\n\n<div class=\"wp-block-uagb-container uagb-block-94c0a6a7\">\n<figure class=\"wp-block-image alignwide size-large\"><img loading=\"lazy\" decoding=\"async\" width=\"1024\" height=\"529\" src=\"https:\/\/www.campusdescriptura.com\/wp-content\/uploads\/2026\/05\/suenos-palestina-FB-1200x628-1-1024x529.webp\" alt=\"\" class=\"wp-image-6931\" srcset=\"https:\/\/www.campusdescriptura.com\/wp-content\/uploads\/2026\/05\/suenos-palestina-FB-1200x628-1-1024x529.webp 1024w, https:\/\/www.campusdescriptura.com\/wp-content\/uploads\/2026\/05\/suenos-palestina-FB-1200x628-1-300x155.webp 300w, https:\/\/www.campusdescriptura.com\/wp-content\/uploads\/2026\/05\/suenos-palestina-FB-1200x628-1-768x397.webp 768w, https:\/\/www.campusdescriptura.com\/wp-content\/uploads\/2026\/05\/suenos-palestina-FB-1200x628-1-600x310.webp 600w, https:\/\/www.campusdescriptura.com\/wp-content\/uploads\/2026\/05\/suenos-palestina-FB-1200x628-1.webp 1200w\" sizes=\"auto, (max-width: 1024px) 100vw, 1024px\" \/><\/figure>\n<\/div>\n\n\n\n<div style=\"height:50px\" aria-hidden=\"true\" class=\"wp-block-spacer\"><\/div>\n\n\n\n<p class=\"has-primary-color has-text-color has-link-color has-large-font-size wp-elements-9df4d3a2eef69cf8ffbda167ab5bc7fd\"><strong>La <em>hikaye<\/em><\/strong><\/p>\n\n\n\n<p class=\"has-medium-font-size\">La hikaye ha sido durante siglos la voz de una comunidad. Tradicionalmente narradas por mujeres en reuniones familiares y veladas de invierno, estas historias hablaban de deseo, deber, p\u00e9rdida, amor, tierra y comunidad. A trav\u00e9s de la voz, el ritmo y la imaginaci\u00f3n, las narradoras construyen y mantienen viva la memoria compartida. Este proyecto quiere ser tambi\u00e9n un homenaje a las hajje: las abuelas, las madres, guardianas de la palabra y de la tradici\u00f3n.   <\/p>\n\n\n\n<p class=\"has-medium-font-size\">Para ello queremos invitar a todos los escritores y escritoras de Espa\u00f1a y Am\u00e9rica, reconocidos y noveles, a escribir relatos hiperbreves de ficci\u00f3n (el m\u00e1ximo son 250 palabras), historias que hubieran podido ser narradas por esas mujeres en la intimidad del hogar, relatos inspirados en la memoria, en la transmisi\u00f3n oral de historias entre generaciones y con el olivo como s\u00edmbolo central.<\/p>\n\n\n\n<div style=\"height:16px\" aria-hidden=\"true\" class=\"wp-block-spacer\"><\/div>\n\n\n\n<p class=\"has-primary-color has-text-color has-link-color has-large-font-size wp-elements-cba250c2ebaace1e42d4daaa42932cf7\"><strong>El olivo<\/strong><\/p>\n\n\n\n<p class=\"has-medium-font-size\">En Palestina, el olivo es m\u00e1s que un \u00e1rbol. Simboliza el v\u00ednculo con la tierra, la permanencia, la identidad y la resistencia. Sus ra\u00edces atraviesan generaciones, igual que las historias transmitidas de voz en voz. Esta es, pues, una invitaci\u00f3n a sembrar relatos frente al olvido, un homenaje a la memoria colectiva y a la cultura popular palestina.   <\/p>\n\n\n\n<div style=\"height:30px\" aria-hidden=\"true\" class=\"wp-block-spacer\"><\/div>\n\n\n\n<p class=\"has-primary-color has-text-color has-link-color has-large-font-size wp-elements-c19b24fbdc426c7a48bcd3ac234483c5\"><strong>Un libro colectivo<\/strong><\/p>\n\n\n\n<p class=\"has-medium-font-size\">Una selecci\u00f3n de las mejores historias formar\u00e1 parte de un libro colectivo que ser\u00e1 editado por la Embajada de Palestina. Adem\u00e1s, la Embajada de Palestina en Espa\u00f1a otorgar\u00e1 un diploma de participaci\u00f3n a todos los participantes. <\/p>\n\n\n\n<div class=\"wp-block-uagb-container uagb-block-bd9473ca\"><\/div>\n<\/div><\/div>\n\n\n\n<div class=\"wp-block-uagb-separator uagb-block-df6db578\"><div class=\"wp-block-uagb-separator__inner\" style=\"--my-background-image:\"><\/div><\/div>\n\n\n\n<div class=\"wp-block-uagb-separator uagb-block-0793d4aa\"><div class=\"wp-block-uagb-separator__inner\" style=\"--my-background-image:\"><\/div><\/div>\n\n\n\n<div class=\"wp-block-uagb-separator uagb-block-68b827c3\"><div class=\"wp-block-uagb-separator__inner\" style=\"--my-background-image:\"><\/div><\/div>\n\n\n\n<div class=\"wp-block-uagb-container uagb-block-ab0c85a3 alignfull uagb-is-root-container\"><div class=\"uagb-container-inner-blocks-wrap\">\n<div class=\"wp-block-uagb-advanced-heading uagb-block-861cfae4\"><h2 class=\"uagb-heading-text\">C\u00f3mo participar<\/h2><\/div>\n\n\n\n<div class=\"wp-block-uagb-icon-list uagb-block-606c93ad\"><div class=\"uagb-icon-list__wrap\">\n<div class=\"wp-block-uagb-icon-list-child uagb-block-c1d3ebf2\"><span class=\"uagb-icon-list__source-wrap\"><svg xmlns=\"https:\/\/www.w3.org\/2000\/svg\" viewBox=\"0 0 512 512\"><path d=\"M256 0C114.6 0 0 114.6 0 256c0 141.4 114.6 256 256 256s256-114.6 256-256C512 114.6 397.4 0 256 0zM406.6 278.6l-103.1 103.1c-12.5 12.5-32.75 12.5-45.25 0s-12.5-32.75 0-45.25L306.8 288H128C110.3 288 96 273.7 96 256s14.31-32 32-32h178.8l-49.38-49.38c-12.5-12.5-12.5-32.75 0-45.25s32.75-12.5 45.25 0l103.1 103.1C414.6 241.3 416 251.1 416 256C416 260.9 414.6 270.7 406.6 278.6z\"><\/path><\/svg><\/span><span class=\"uagb-icon-list__label\">El relat ha d&#8217;incloure un t\u00edtol i estar relacionat tem\u00e0ticament amb l&#8217;olivera, la mem\u00f2ria heretada, la terra, la nost\u00e0lgia, la cuina, els patis, l&#8217;hivern o les veus, els petits actes i resist\u00e8ncies de la vida quotidiana. Relats que puguin assolir tota la seva emoci\u00f3 en ser narrats en veu alta.<\/span><\/div>\n\n\n\n<div class=\"wp-block-uagb-icon-list-child uagb-block-c6c060e2\"><span class=\"uagb-icon-list__source-wrap\"><svg xmlns=\"https:\/\/www.w3.org\/2000\/svg\" viewBox=\"0 0 512 512\"><path d=\"M256 0C114.6 0 0 114.6 0 256c0 141.4 114.6 256 256 256s256-114.6 256-256C512 114.6 397.4 0 256 0zM406.6 278.6l-103.1 103.1c-12.5 12.5-32.75 12.5-45.25 0s-12.5-32.75 0-45.25L306.8 288H128C110.3 288 96 273.7 96 256s14.31-32 32-32h178.8l-49.38-49.38c-12.5-12.5-12.5-32.75 0-45.25s32.75-12.5 45.25 0l103.1 103.1C414.6 241.3 416 251.1 416 256C416 260.9 414.6 270.7 406.6 278.6z\"><\/path><\/svg><\/span><span class=\"uagb-icon-list__label\"><strong>Els textos podran estar escrits en catal\u00e0, gallec, euskera o castell\u00e0.<\/strong><\/span><\/div>\n\n\n\n<div class=\"wp-block-uagb-icon-list-child uagb-block-5dbae5e0\"><span class=\"uagb-icon-list__source-wrap\"><svg xmlns=\"https:\/\/www.w3.org\/2000\/svg\" viewBox=\"0 0 512 512\"><path d=\"M256 0C114.6 0 0 114.6 0 256c0 141.4 114.6 256 256 256s256-114.6 256-256C512 114.6 397.4 0 256 0zM406.6 278.6l-103.1 103.1c-12.5 12.5-32.75 12.5-45.25 0s-12.5-32.75 0-45.25L306.8 288H128C110.3 288 96 273.7 96 256s14.31-32 32-32h178.8l-49.38-49.38c-12.5-12.5-12.5-32.75 0-45.25s32.75-12.5 45.25 0l103.1 103.1C414.6 241.3 416 251.1 416 256C416 260.9 414.6 270.7 406.6 278.6z\"><\/path><\/svg><\/span><span class=\"uagb-icon-list__label\">Envia la teva hist\u00f2ria, d&#8217;un m\u00e0xim de 250 paraules, abans del diumenge 8 de juny a les 11.00 h (CET) a trav\u00e9s del formulari que trobar\u00e0s a continuaci\u00f3 (obert a partir del 13 de maig a les 11.00 h CET).<\/span><\/div>\n<\/div><\/div>\n<\/div><\/div>\n\n\n\n<div class=\"wp-block-buttons is-content-justification-right is-layout-flex wp-container-core-buttons-is-layout-d445cf74 wp-block-buttons-is-layout-flex\"><\/div>\n\n\n\n<div class=\"wp-block-uagb-container uagb-block-28dbf970 alignfull uagb-is-root-container\"><div class=\"uagb-container-inner-blocks-wrap\">\n<div class=\"wp-block-buttons is-content-justification-left is-layout-flex wp-container-core-buttons-is-layout-fc4fd283 wp-block-buttons-is-layout-flex\">\n<div class=\"wp-block-button\"><a class=\"wp-block-button__link has-primary-background-color has-background has-medium-font-size has-custom-font-size wp-element-button\" href=\"https:\/\/escueladeescritores.com\/olivos-de-palestina\/\">Env\u00eda tu historia<\/a><\/div>\n<\/div>\n<\/div><\/div>\n\n\n\n<div class=\"wp-block-uagb-separator uagb-block-803688fe\"><div class=\"wp-block-uagb-separator__inner\" style=\"--my-background-image:\"><\/div><\/div>\n\n\n\n<div class=\"wp-block-uagb-container uagb-block-6fb8f5b5 alignfull uagb-is-root-container\"><div class=\"uagb-container-inner-blocks-wrap\">\n<div class=\"wp-block-uagb-separator uagb-block-3a981d5d\"><div class=\"wp-block-uagb-separator__inner\" style=\"--my-background-image:\"><\/div><\/div>\n<\/div><\/div>\n\n\n\n<p><\/p>\n","protected":false},"excerpt":{"rendered":"<p>Sue\u00f1os de Palestina Sembrar historias. Dejar crecer los olivos De la mano de la Embajada de Palestina, Escuela de Escritores, la Asociaci\u00f3n Colegial de Escritores y la Escola d&#8217;Escriptura de l&#8217;Ateneu Barcelon\u00e8s lanzan juntas Sue\u00f1os de Palestina, una iniciativa literaria que rinde homenaje a la narraci\u00f3n oral palestina, la hikaye, declarada Patrimonio Cultural Inmaterial de [&hellip;]<\/p>\n","protected":false},"author":7,"featured_media":0,"parent":0,"menu_order":0,"comment_status":"closed","ping_status":"closed","template":"","meta":{"_acf_changed":false,"inline_featured_image":false,"_uag_custom_page_level_css":"","footnotes":""},"class_list":["post-6927","page","type-page","status-publish","hentry"],"acf":[],"yoast_head":"<!-- This site is optimized with the Yoast SEO plugin v27.0 - https:\/\/yoast.com\/product\/yoast-seo-wordpress\/ -->\n<title>Sue\u00f1os de Palestina - Escola d&#039;Escriptura de Ateneu Barcelon\u00e8s<\/title>\n<meta name=\"robots\" content=\"index, follow, max-snippet:-1, max-image-preview:large, max-video-preview:-1\" \/>\n<link rel=\"canonical\" href=\"https:\/\/www.campusdescriptura.com\/es\/somnis-de-palestina\/\" \/>\n<meta property=\"og:locale\" content=\"es_ES\" \/>\n<meta property=\"og:type\" content=\"article\" \/>\n<meta property=\"og:title\" content=\"Sue\u00f1os de Palestina - Escola d&#039;Escriptura de Ateneu Barcelon\u00e8s\" \/>\n<meta property=\"og:description\" content=\"Sue\u00f1os de Palestina Sembrar historias. Dejar crecer los olivos De la mano de la Embajada de Palestina, Escuela de Escritores, la Asociaci\u00f3n Colegial de Escritores y la Escola d&#8217;Escriptura de l&#8217;Ateneu Barcelon\u00e8s lanzan juntas Sue\u00f1os de Palestina, una iniciativa literaria que rinde homenaje a la narraci\u00f3n oral palestina, la hikaye, declarada Patrimonio Cultural Inmaterial de [&hellip;]\" \/>\n<meta property=\"og:url\" content=\"https:\/\/www.campusdescriptura.com\/es\/somnis-de-palestina\/\" \/>\n<meta property=\"og:site_name\" content=\"Escola d&#039;Escriptura de Ateneu Barcelon\u00e8s\" \/>\n<meta property=\"article:modified_time\" content=\"2026-05-12T14:49:25+00:00\" \/>\n<meta property=\"og:image\" content=\"https:\/\/www.campusdescriptura.com\/wp-content\/uploads\/2026\/05\/suenos-palestina-FB-1200x628-1.webp\" \/>\n\t<meta property=\"og:image:width\" content=\"1200\" \/>\n\t<meta property=\"og:image:height\" content=\"620\" \/>\n\t<meta property=\"og:image:type\" content=\"image\/png\" \/>\n<meta name=\"twitter:card\" content=\"summary_large_image\" \/>\n<meta name=\"twitter:label1\" content=\"Tiempo de lectura\" \/>\n\t<meta name=\"twitter:data1\" content=\"3 minutos\" \/>\n<script type=\"application\/ld+json\" class=\"yoast-schema-graph\">{\"@context\":\"https:\/\/schema.org\",\"@graph\":[{\"@type\":\"WebPage\",\"@id\":\"https:\/\/www.campusdescriptura.com\/es\/somnis-de-palestina\/\",\"url\":\"https:\/\/www.campusdescriptura.com\/es\/somnis-de-palestina\/\",\"name\":\"Sue\u00f1os de Palestina - Escola d&#039;Escriptura de Ateneu Barcelon\u00e8s\",\"isPartOf\":{\"@id\":\"https:\/\/www.campusdescriptura.com\/es\/#website\"},\"primaryImageOfPage\":{\"@id\":\"https:\/\/www.campusdescriptura.com\/es\/somnis-de-palestina\/#primaryimage\"},\"image\":{\"@id\":\"https:\/\/www.campusdescriptura.com\/es\/somnis-de-palestina\/#primaryimage\"},\"thumbnailUrl\":\"https:\/\/www.campusdescriptura.com\/wp-content\/uploads\/2026\/05\/suenos-palestina-FB-1200x628-1-1024x529.webp\",\"datePublished\":\"2026-05-12T14:32:42+00:00\",\"dateModified\":\"2026-05-12T14:49:25+00:00\",\"breadcrumb\":{\"@id\":\"https:\/\/www.campusdescriptura.com\/es\/somnis-de-palestina\/#breadcrumb\"},\"inLanguage\":\"es\",\"potentialAction\":[{\"@type\":\"ReadAction\",\"target\":[\"https:\/\/www.campusdescriptura.com\/es\/somnis-de-palestina\/\"]}]},{\"@type\":\"ImageObject\",\"inLanguage\":\"es\",\"@id\":\"https:\/\/www.campusdescriptura.com\/es\/somnis-de-palestina\/#primaryimage\",\"url\":\"https:\/\/www.campusdescriptura.com\/wp-content\/uploads\/2026\/05\/suenos-palestina-FB-1200x628-1-1024x529.webp\",\"contentUrl\":\"https:\/\/www.campusdescriptura.com\/wp-content\/uploads\/2026\/05\/suenos-palestina-FB-1200x628-1-1024x529.webp\"},{\"@type\":\"BreadcrumbList\",\"@id\":\"https:\/\/www.campusdescriptura.com\/es\/somnis-de-palestina\/#breadcrumb\",\"itemListElement\":[{\"@type\":\"ListItem\",\"position\":1,\"name\":\"Inici\",\"item\":\"https:\/\/www.campusdescriptura.com\/es\/\"},{\"@type\":\"ListItem\",\"position\":2,\"name\":\"Sue\u00f1os de Palestina\"}]},{\"@type\":\"WebSite\",\"@id\":\"https:\/\/www.campusdescriptura.com\/es\/#website\",\"url\":\"https:\/\/www.campusdescriptura.com\/es\/\",\"name\":\"Escola d'escriptura\",\"description\":\"Comen\u00e7a la teva hist\u00f2ria\",\"potentialAction\":[{\"@type\":\"SearchAction\",\"target\":{\"@type\":\"EntryPoint\",\"urlTemplate\":\"https:\/\/www.campusdescriptura.com\/es\/?s={search_term_string}\"},\"query-input\":{\"@type\":\"PropertyValueSpecification\",\"valueRequired\":true,\"valueName\":\"search_term_string\"}}],\"inLanguage\":\"es\"}]}<\/script>\n<!-- \/ Yoast SEO plugin. -->","yoast_head_json":{"title":"Sue\u00f1os de Palestina - Escola d&#039;Escriptura de Ateneu Barcelon\u00e8s","robots":{"index":"index","follow":"follow","max-snippet":"max-snippet:-1","max-image-preview":"max-image-preview:large","max-video-preview":"max-video-preview:-1"},"canonical":"https:\/\/www.campusdescriptura.com\/es\/somnis-de-palestina\/","og_locale":"es_ES","og_type":"article","og_title":"Sue\u00f1os de Palestina - Escola d&#039;Escriptura de Ateneu Barcelon\u00e8s","og_description":"Sue\u00f1os de Palestina Sembrar historias. Dejar crecer los olivos De la mano de la Embajada de Palestina, Escuela de Escritores, la Asociaci\u00f3n Colegial de Escritores y la Escola d&#8217;Escriptura de l&#8217;Ateneu Barcelon\u00e8s lanzan juntas Sue\u00f1os de Palestina, una iniciativa literaria que rinde homenaje a la narraci\u00f3n oral palestina, la hikaye, declarada Patrimonio Cultural Inmaterial de [&hellip;]","og_url":"https:\/\/www.campusdescriptura.com\/es\/somnis-de-palestina\/","og_site_name":"Escola d&#039;Escriptura de Ateneu Barcelon\u00e8s","article_modified_time":"2026-05-12T14:49:25+00:00","og_image":[{"width":1200,"height":620,"url":"https:\/\/www.campusdescriptura.com\/wp-content\/uploads\/2026\/05\/suenos-palestina-FB-1200x628-1.webp","type":"image\/png"}],"twitter_card":"summary_large_image","twitter_misc":{"Tiempo de lectura":"3 minutos"},"schema":{"@context":"https:\/\/schema.org","@graph":[{"@type":"WebPage","@id":"https:\/\/www.campusdescriptura.com\/es\/somnis-de-palestina\/","url":"https:\/\/www.campusdescriptura.com\/es\/somnis-de-palestina\/","name":"Sue\u00f1os de Palestina - Escola d&#039;Escriptura de Ateneu Barcelon\u00e8s","isPartOf":{"@id":"https:\/\/www.campusdescriptura.com\/es\/#website"},"primaryImageOfPage":{"@id":"https:\/\/www.campusdescriptura.com\/es\/somnis-de-palestina\/#primaryimage"},"image":{"@id":"https:\/\/www.campusdescriptura.com\/es\/somnis-de-palestina\/#primaryimage"},"thumbnailUrl":"https:\/\/www.campusdescriptura.com\/wp-content\/uploads\/2026\/05\/suenos-palestina-FB-1200x628-1-1024x529.webp","datePublished":"2026-05-12T14:32:42+00:00","dateModified":"2026-05-12T14:49:25+00:00","breadcrumb":{"@id":"https:\/\/www.campusdescriptura.com\/es\/somnis-de-palestina\/#breadcrumb"},"inLanguage":"es","potentialAction":[{"@type":"ReadAction","target":["https:\/\/www.campusdescriptura.com\/es\/somnis-de-palestina\/"]}]},{"@type":"ImageObject","inLanguage":"es","@id":"https:\/\/www.campusdescriptura.com\/es\/somnis-de-palestina\/#primaryimage","url":"https:\/\/www.campusdescriptura.com\/wp-content\/uploads\/2026\/05\/suenos-palestina-FB-1200x628-1-1024x529.webp","contentUrl":"https:\/\/www.campusdescriptura.com\/wp-content\/uploads\/2026\/05\/suenos-palestina-FB-1200x628-1-1024x529.webp"},{"@type":"BreadcrumbList","@id":"https:\/\/www.campusdescriptura.com\/es\/somnis-de-palestina\/#breadcrumb","itemListElement":[{"@type":"ListItem","position":1,"name":"Inici","item":"https:\/\/www.campusdescriptura.com\/es\/"},{"@type":"ListItem","position":2,"name":"Sue\u00f1os de Palestina"}]},{"@type":"WebSite","@id":"https:\/\/www.campusdescriptura.com\/es\/#website","url":"https:\/\/www.campusdescriptura.com\/es\/","name":"Escola d'escriptura","description":"Comen\u00e7a la teva hist\u00f2ria","potentialAction":[{"@type":"SearchAction","target":{"@type":"EntryPoint","urlTemplate":"https:\/\/www.campusdescriptura.com\/es\/?s={search_term_string}"},"query-input":{"@type":"PropertyValueSpecification","valueRequired":true,"valueName":"search_term_string"}}],"inLanguage":"es"}]}},"uagb_featured_image_src":{"full":false,"thumbnail":false,"medium":false,"medium_large":false,"large":false,"1536x1536":false,"2048x2048":false,"gform-image-choice-sm":false,"gform-image-choice-md":false,"gform-image-choice-lg":false,"woocommerce_thumbnail":false,"woocommerce_single":false,"woocommerce_gallery_thumbnail":false},"uagb_author_info":{"display_name":"M\u00edriam Garc\u00eda","author_link":"https:\/\/www.campusdescriptura.com\/es\/author\/miriam\/"},"uagb_comment_info":0,"uagb_excerpt":"Sue\u00f1os de Palestina Sembrar historias. Dejar crecer los olivos De la mano de la Embajada de Palestina, Escuela de Escritores, la Asociaci\u00f3n Colegial de Escritores y la Escola d&#8217;Escriptura de l&#8217;Ateneu Barcelon\u00e8s lanzan juntas Sue\u00f1os de Palestina, una iniciativa literaria que rinde homenaje a la narraci\u00f3n oral palestina, la hikaye, declarada Patrimonio Cultural Inmaterial de&hellip;","_links":{"self":[{"href":"https:\/\/www.campusdescriptura.com\/es\/wp-json\/wp\/v2\/pages\/6927","targetHints":{"allow":["GET"]}}],"collection":[{"href":"https:\/\/www.campusdescriptura.com\/es\/wp-json\/wp\/v2\/pages"}],"about":[{"href":"https:\/\/www.campusdescriptura.com\/es\/wp-json\/wp\/v2\/types\/page"}],"author":[{"embeddable":true,"href":"https:\/\/www.campusdescriptura.com\/es\/wp-json\/wp\/v2\/users\/7"}],"replies":[{"embeddable":true,"href":"https:\/\/www.campusdescriptura.com\/es\/wp-json\/wp\/v2\/comments?post=6927"}],"version-history":[{"count":3,"href":"https:\/\/www.campusdescriptura.com\/es\/wp-json\/wp\/v2\/pages\/6927\/revisions"}],"predecessor-version":[{"id":6933,"href":"https:\/\/www.campusdescriptura.com\/es\/wp-json\/wp\/v2\/pages\/6927\/revisions\/6933"}],"wp:attachment":[{"href":"https:\/\/www.campusdescriptura.com\/es\/wp-json\/wp\/v2\/media?parent=6927"}],"curies":[{"name":"wp","href":"https:\/\/api.w.org\/{rel}","templated":true}]}}