{"id":5108,"date":"2026-02-09T15:35:03","date_gmt":"2026-02-09T15:35:03","guid":{"rendered":"https:\/\/sandbox.campusdescriptura.com\/?page_id=5108"},"modified":"2026-02-12T12:42:12","modified_gmt":"2026-02-12T12:42:12","slug":"politica-de-privacidad-de-la-solicitud-de-certificados","status":"publish","type":"page","link":"https:\/\/www.campusdescriptura.com\/es\/politica-de-privacidad-de-la-solicitud-de-certificados\/","title":{"rendered":"Pol\u00edtica de privacidad de la solicitud de certificados"},"content":{"rendered":"\n<p><\/p>\n\n\n\n<div class=\"wp-block-uagb-container uagb-block-0efec8f3 alignfull uagb-is-root-container\"><div class=\"uagb-container-inner-blocks-wrap\">\n<p>De acuerdo con el Reglamento (UE) 2016\/679 del Parlamento Europeo y del Consejo, de 27 de abril de 2016, relativo a la protecci\u00f3n de las personas f\u00edsicas en lo que respecta al tratamiento de datos personales y a su libre circulaci\u00f3n, y con la Ley Org\u00e1nica 3\/2018, de 5 de diciembre, de Protecci\u00f3n de Datos Personales y garant\u00eda de los derechos digitales, te informamos de que los datos personales que nos facilites ser\u00e1n tratados por:<\/p>\n\n\n\n<p><strong>Responsable:<\/strong> Escuela de Escritura del Ateneu Barcelon\u00e8s, con CIF B65844003 y domicilio en la calle de la Canuda, 6, 08002 Barcelona. Correo electr\u00f3nico: <a>secretaria@campusdescriptura.com<\/a><\/p>\n\n\n\n<p><strong>Finalidad:<\/strong> Te informamos que los datos facilitados ser\u00e1n tratados con la \u00fanica finalidad de tramitar la solicitud recibida y poder expedir el certificado solicitado.<\/p>\n\n\n\n<p><strong>Conservaci\u00f3n:<\/strong> Los datos personales proporcionados se conservar\u00e1n mientras se gestione su petici\u00f3n y, en todo caso, durante el plazo fijado por las disposiciones legales vigentes, a efectos de posibles responsabilidades aplicables, transcurrido el cual ser\u00e1n cancelados.<\/p>\n\n\n\n<p><strong>Base legal:<\/strong> La base legal para el tratamiento de tus datos es el consentimiento que otorga con la aceptaci\u00f3n de la presente pol\u00edtica de privacidad. Tus datos no se ceder\u00e1n a terceros salvo en aquellos casos en que exista una obligaci\u00f3n legal.<\/p>\n\n\n\n<p><strong>Ejercicio de derechos:<\/strong> Puedes ejercer en cualquier momento los derechos de acceso, rectificaci\u00f3n, supresi\u00f3n, oposici\u00f3n, limitaci\u00f3n del tratamiento y portabilidad de los datos dirigi\u00e9ndote a la direcci\u00f3n postal o de correo electr\u00f3nico mencionadas anteriormente. Recibida tu solicitud, te enviaremos un formulario para ejercer el derecho concreto solicitado, que deber\u00e1s cumplimentar y enviarnos junto con una fotocopia de su DNI o pasaporte. Una vez recibida la documentaci\u00f3n, atenderemos el ejercicio de tus derechos en los plazos establecidos legalmente y, en caso de no haber obtenido satisfacci\u00f3n, podr\u00e1s presentar una reclamaci\u00f3n ante la autoridad de control correspondiente, la Agencia Espa\u00f1ola de Protecci\u00f3n de Datos: <a href=\"http:\/\/www.agpd.es\">www.agpd.es<\/a><\/p>\n\n\n\n<p><\/p>\n\n\n\n<p><\/p>\n<\/div><\/div>\n\n\n\n<p><\/p>\n\n\n\n<p><\/p>\n","protected":false},"excerpt":{"rendered":"<p>De acuerdo con el Reglamento (UE) 2016\/679 del Parlamento Europeo y del Consejo, de 27 de abril de 2016, relativo a la protecci\u00f3n de las personas f\u00edsicas en lo que respecta al tratamiento de datos personales y a su libre circulaci\u00f3n, y con la Ley Org\u00e1nica 3\/2018, de 5 de diciembre, de Protecci\u00f3n de Datos [&hellip;]<\/p>\n","protected":false},"author":5,"featured_media":0,"parent":0,"menu_order":0,"comment_status":"closed","ping_status":"closed","template":"","meta":{"_acf_changed":false,"inline_featured_image":false,"_uag_custom_page_level_css":"","footnotes":""},"class_list":["post-5108","page","type-page","status-publish","hentry"],"acf":[],"yoast_head":"<!-- This site is optimized with the Yoast SEO plugin v27.0 - https:\/\/yoast.com\/product\/yoast-seo-wordpress\/ -->\n<title>Pol\u00edtica de privacidad de la solicitud de certificados - Escola d&#039;Escriptura de Ateneu Barcelon\u00e8s<\/title>\n<meta name=\"robots\" content=\"index, follow, max-snippet:-1, max-image-preview:large, max-video-preview:-1\" \/>\n<link rel=\"canonical\" href=\"https:\/\/www.campusdescriptura.com\/es\/politica-de-privacidad-de-la-solicitud-de-certificados\/\" \/>\n<meta property=\"og:locale\" content=\"es_ES\" \/>\n<meta property=\"og:type\" content=\"article\" \/>\n<meta property=\"og:title\" content=\"Pol\u00edtica de privacidad de la solicitud de certificados - Escola d&#039;Escriptura de Ateneu Barcelon\u00e8s\" \/>\n<meta property=\"og:description\" content=\"De acuerdo con el Reglamento (UE) 2016\/679 del Parlamento Europeo y del Consejo, de 27 de abril de 2016, relativo a la protecci\u00f3n de las personas f\u00edsicas en lo que respecta al tratamiento de datos personales y a su libre circulaci\u00f3n, y con la Ley Org\u00e1nica 3\/2018, de 5 de diciembre, de Protecci\u00f3n de Datos [&hellip;]\" \/>\n<meta property=\"og:url\" content=\"https:\/\/www.campusdescriptura.com\/es\/politica-de-privacidad-de-la-solicitud-de-certificados\/\" \/>\n<meta property=\"og:site_name\" content=\"Escola d&#039;Escriptura de Ateneu Barcelon\u00e8s\" \/>\n<meta property=\"article:modified_time\" content=\"2026-02-12T12:42:12+00:00\" \/>\n<meta name=\"twitter:card\" content=\"summary_large_image\" \/>\n<meta name=\"twitter:label1\" content=\"Tiempo de lectura\" \/>\n\t<meta name=\"twitter:data1\" content=\"2 minutos\" \/>\n<script type=\"application\/ld+json\" class=\"yoast-schema-graph\">{\"@context\":\"https:\/\/schema.org\",\"@graph\":[{\"@type\":\"WebPage\",\"@id\":\"https:\/\/www.campusdescriptura.com\/es\/politica-de-privacidad-de-la-solicitud-de-certificados\/\",\"url\":\"https:\/\/www.campusdescriptura.com\/es\/politica-de-privacidad-de-la-solicitud-de-certificados\/\",\"name\":\"Pol\u00edtica de privacidad de la solicitud de certificados - Escola d&#039;Escriptura de Ateneu Barcelon\u00e8s\",\"isPartOf\":{\"@id\":\"https:\/\/www.campusdescriptura.com\/es\/#website\"},\"datePublished\":\"2026-02-09T15:35:03+00:00\",\"dateModified\":\"2026-02-12T12:42:12+00:00\",\"breadcrumb\":{\"@id\":\"https:\/\/www.campusdescriptura.com\/es\/politica-de-privacidad-de-la-solicitud-de-certificados\/#breadcrumb\"},\"inLanguage\":\"es\",\"potentialAction\":[{\"@type\":\"ReadAction\",\"target\":[\"https:\/\/www.campusdescriptura.com\/es\/politica-de-privacidad-de-la-solicitud-de-certificados\/\"]}]},{\"@type\":\"BreadcrumbList\",\"@id\":\"https:\/\/www.campusdescriptura.com\/es\/politica-de-privacidad-de-la-solicitud-de-certificados\/#breadcrumb\",\"itemListElement\":[{\"@type\":\"ListItem\",\"position\":1,\"name\":\"Inici\",\"item\":\"https:\/\/www.campusdescriptura.com\/es\/\"},{\"@type\":\"ListItem\",\"position\":2,\"name\":\"Pol\u00edtica de privacidad de la solicitud de certificados\"}]},{\"@type\":\"WebSite\",\"@id\":\"https:\/\/www.campusdescriptura.com\/es\/#website\",\"url\":\"https:\/\/www.campusdescriptura.com\/es\/\",\"name\":\"Escola d'escriptura\",\"description\":\"Comen\u00e7a la teva hist\u00f2ria\",\"potentialAction\":[{\"@type\":\"SearchAction\",\"target\":{\"@type\":\"EntryPoint\",\"urlTemplate\":\"https:\/\/www.campusdescriptura.com\/es\/?s={search_term_string}\"},\"query-input\":{\"@type\":\"PropertyValueSpecification\",\"valueRequired\":true,\"valueName\":\"search_term_string\"}}],\"inLanguage\":\"es\"}]}<\/script>\n<!-- \/ Yoast SEO plugin. -->","yoast_head_json":{"title":"Pol\u00edtica de privacidad de la solicitud de certificados - Escola d&#039;Escriptura de Ateneu Barcelon\u00e8s","robots":{"index":"index","follow":"follow","max-snippet":"max-snippet:-1","max-image-preview":"max-image-preview:large","max-video-preview":"max-video-preview:-1"},"canonical":"https:\/\/www.campusdescriptura.com\/es\/politica-de-privacidad-de-la-solicitud-de-certificados\/","og_locale":"es_ES","og_type":"article","og_title":"Pol\u00edtica de privacidad de la solicitud de certificados - Escola d&#039;Escriptura de Ateneu Barcelon\u00e8s","og_description":"De acuerdo con el Reglamento (UE) 2016\/679 del Parlamento Europeo y del Consejo, de 27 de abril de 2016, relativo a la protecci\u00f3n de las personas f\u00edsicas en lo que respecta al tratamiento de datos personales y a su libre circulaci\u00f3n, y con la Ley Org\u00e1nica 3\/2018, de 5 de diciembre, de Protecci\u00f3n de Datos [&hellip;]","og_url":"https:\/\/www.campusdescriptura.com\/es\/politica-de-privacidad-de-la-solicitud-de-certificados\/","og_site_name":"Escola d&#039;Escriptura de Ateneu Barcelon\u00e8s","article_modified_time":"2026-02-12T12:42:12+00:00","twitter_card":"summary_large_image","twitter_misc":{"Tiempo de lectura":"2 minutos"},"schema":{"@context":"https:\/\/schema.org","@graph":[{"@type":"WebPage","@id":"https:\/\/www.campusdescriptura.com\/es\/politica-de-privacidad-de-la-solicitud-de-certificados\/","url":"https:\/\/www.campusdescriptura.com\/es\/politica-de-privacidad-de-la-solicitud-de-certificados\/","name":"Pol\u00edtica de privacidad de la solicitud de certificados - Escola d&#039;Escriptura de Ateneu Barcelon\u00e8s","isPartOf":{"@id":"https:\/\/www.campusdescriptura.com\/es\/#website"},"datePublished":"2026-02-09T15:35:03+00:00","dateModified":"2026-02-12T12:42:12+00:00","breadcrumb":{"@id":"https:\/\/www.campusdescriptura.com\/es\/politica-de-privacidad-de-la-solicitud-de-certificados\/#breadcrumb"},"inLanguage":"es","potentialAction":[{"@type":"ReadAction","target":["https:\/\/www.campusdescriptura.com\/es\/politica-de-privacidad-de-la-solicitud-de-certificados\/"]}]},{"@type":"BreadcrumbList","@id":"https:\/\/www.campusdescriptura.com\/es\/politica-de-privacidad-de-la-solicitud-de-certificados\/#breadcrumb","itemListElement":[{"@type":"ListItem","position":1,"name":"Inici","item":"https:\/\/www.campusdescriptura.com\/es\/"},{"@type":"ListItem","position":2,"name":"Pol\u00edtica de privacidad de la solicitud de certificados"}]},{"@type":"WebSite","@id":"https:\/\/www.campusdescriptura.com\/es\/#website","url":"https:\/\/www.campusdescriptura.com\/es\/","name":"Escola d'escriptura","description":"Comen\u00e7a la teva hist\u00f2ria","potentialAction":[{"@type":"SearchAction","target":{"@type":"EntryPoint","urlTemplate":"https:\/\/www.campusdescriptura.com\/es\/?s={search_term_string}"},"query-input":{"@type":"PropertyValueSpecification","valueRequired":true,"valueName":"search_term_string"}}],"inLanguage":"es"}]}},"uagb_featured_image_src":{"full":false,"thumbnail":false,"medium":false,"medium_large":false,"large":false,"1536x1536":false,"2048x2048":false,"gform-image-choice-sm":false,"gform-image-choice-md":false,"gform-image-choice-lg":false,"woocommerce_thumbnail":false,"woocommerce_single":false,"woocommerce_gallery_thumbnail":false},"uagb_author_info":{"display_name":"Equipo de redacci\u00f3n","author_link":"https:\/\/www.campusdescriptura.com\/es\/author\/tam\/"},"uagb_comment_info":0,"uagb_excerpt":"De acuerdo con el Reglamento (UE) 2016\/679 del Parlamento Europeo y del Consejo, de 27 de abril de 2016, relativo a la protecci\u00f3n de las personas f\u00edsicas en lo que respecta al tratamiento de datos personales y a su libre circulaci\u00f3n, y con la Ley Org\u00e1nica 3\/2018, de 5 de diciembre, de Protecci\u00f3n de Datos&hellip;","_links":{"self":[{"href":"https:\/\/www.campusdescriptura.com\/es\/wp-json\/wp\/v2\/pages\/5108","targetHints":{"allow":["GET"]}}],"collection":[{"href":"https:\/\/www.campusdescriptura.com\/es\/wp-json\/wp\/v2\/pages"}],"about":[{"href":"https:\/\/www.campusdescriptura.com\/es\/wp-json\/wp\/v2\/types\/page"}],"author":[{"embeddable":true,"href":"https:\/\/www.campusdescriptura.com\/es\/wp-json\/wp\/v2\/users\/5"}],"replies":[{"embeddable":true,"href":"https:\/\/www.campusdescriptura.com\/es\/wp-json\/wp\/v2\/comments?post=5108"}],"version-history":[{"count":1,"href":"https:\/\/www.campusdescriptura.com\/es\/wp-json\/wp\/v2\/pages\/5108\/revisions"}],"predecessor-version":[{"id":5109,"href":"https:\/\/www.campusdescriptura.com\/es\/wp-json\/wp\/v2\/pages\/5108\/revisions\/5109"}],"wp:attachment":[{"href":"https:\/\/www.campusdescriptura.com\/es\/wp-json\/wp\/v2\/media?parent=5108"}],"curies":[{"name":"wp","href":"https:\/\/api.w.org\/{rel}","templated":true}]}}