{"id":5030,"date":"2026-01-28T15:59:59","date_gmt":"2026-01-28T14:59:59","guid":{"rendered":"https:\/\/sandbox.campusdescriptura.com\/el-equipo-de-gestion\/"},"modified":"2026-03-02T16:33:06","modified_gmt":"2026-03-02T15:33:06","slug":"el-equipo-de-gestion","status":"publish","type":"page","link":"https:\/\/www.campusdescriptura.com\/es\/el-equipo-de-gestion\/","title":{"rendered":"El equipo de gesti\u00f3n"},"content":{"rendered":"\n<div class=\"wp-block-columns is-layout-flex wp-container-core-columns-is-layout-28f84493 wp-block-columns-is-layout-flex\">\n<div class=\"wp-block-column is-layout-flow wp-block-column-is-layout-flow\">\n<div class=\"wp-block-columns is-layout-flex wp-container-core-columns-is-layout-28f84493 wp-block-columns-is-layout-flex\">\n<div class=\"wp-block-column is-layout-flow wp-block-column-is-layout-flow\">\n<div class=\"wp-block-group alignfull is-layout-constrained wp-container-core-group-is-layout-e220c6fd wp-block-group-is-layout-constrained\" style=\"margin-top:0;margin-bottom:0;padding-top:calc( 0.5 * var(--wp--style--root--padding-right, var(--wp--custom--gap--horizontal)));padding-right:var(--wp--style--root--padding-right, var(--wp--custom--gap--horizontal));padding-bottom:calc( 0.5 * var(--wp--style--root--padding-right, var(--wp--custom--gap--horizontal)));padding-left:var(--wp--style--root--padding-left, var(--wp--custom--gap--horizontal))\">\n<div style=\"height:calc( 0.25 * var(--wp--style--root--padding-right, var(--wp--custom--gap--horizontal)))\" aria-hidden=\"true\" class=\"wp-block-spacer\"><\/div>\n\n\n\n<div style=\"height:calc( 0.25 * var(--wp--style--root--padding-right, var(--wp--custom--gap--horizontal)))\" aria-hidden=\"true\" class=\"wp-block-spacer\"><\/div>\n\n\n\n<div class=\"wp-block-columns alignwide is-layout-flex wp-container-core-columns-is-layout-d0846407 wp-block-columns-is-layout-flex\">\n<div class=\"wp-block-column is-layout-flow wp-block-column-is-layout-flow\">\n<figure class=\"wp-block-image size-full\"><img loading=\"lazy\" decoding=\"async\" width=\"360\" height=\"360\" src=\"https:\/\/www.campusdescriptura.com\/wp-content\/uploads\/2026\/01\/Equip_EE_Pau_quadrat.webp\" alt=\"\" class=\"wp-image-4516\" style=\"aspect-ratio:1;object-fit:cover\" srcset=\"https:\/\/www.campusdescriptura.com\/wp-content\/uploads\/2026\/01\/Equip_EE_Pau_quadrat.webp 360w, https:\/\/www.campusdescriptura.com\/wp-content\/uploads\/2026\/01\/Equip_EE_Pau_quadrat-300x300.webp 300w, https:\/\/www.campusdescriptura.com\/wp-content\/uploads\/2026\/01\/Equip_EE_Pau_quadrat-150x150.webp 150w, https:\/\/www.campusdescriptura.com\/wp-content\/uploads\/2026\/01\/Equip_EE_Pau_quadrat-100x100.webp 100w\" sizes=\"auto, (max-width: 360px) 100vw, 360px\" \/><\/figure>\n\n\n\n<div style=\"height:4px\" aria-hidden=\"true\" class=\"wp-block-spacer\"><\/div>\n\n\n\n<div class=\"wp-block-group is-layout-flow wp-container-core-group-is-layout-7661d4d4 wp-block-group-is-layout-flow\">\n<h3 class=\"wp-block-heading has-medium-font-size\" style=\"font-style:normal;font-weight:700\">Pau P\u00e9rez<\/h3>\n\n\n\n<p>Direcci\u00f3n<\/p>\n<\/div>\n\n\n\n<p><em>Le gustan los arrecifes de coral, el cante flamenco, la lubina al hinojo, la sintaxis barroca de Alejo Carpentier y tomarse unas ca\u00f1as con su alumnado.<\/em><\/p>\n<\/div>\n\n\n\n<div class=\"wp-block-column is-layout-flow wp-block-column-is-layout-flow\">\n<figure class=\"wp-block-image size-full\"><img decoding=\"async\" src=\"https:\/\/www.campusdescriptura.com\/wp-content\/uploads\/2026\/02\/Equip_EE_Oriol_2_petita-1.webp\" alt=\"\" class=\"wp-image-5784\" style=\"aspect-ratio:1;object-fit:cover\"\/><\/figure>\n\n\n\n<div style=\"height:4px\" aria-hidden=\"true\" class=\"wp-block-spacer\"><\/div>\n\n\n\n<div class=\"wp-block-group is-layout-flow wp-block-group-is-layout-flow\">\n<div class=\"wp-block-group is-layout-flow wp-container-core-group-is-layout-7661d4d4 wp-block-group-is-layout-flow\">\n<h3 class=\"wp-block-heading has-medium-font-size\" style=\"font-style:normal;font-weight:700\">Oriol Clar\u00f3s<\/h3>\n\n\n\n<p>Adjunto a Direcci\u00f3n<\/p>\n<\/div>\n<\/div>\n\n\n\n<p><em><em>Le gustan la luz y el paisaje mediterr\u00e1neos, perderse por los rincones de Barcelona, la profundidad de los personajes atormentados de Dostoievski, la curiosidad por todo lo que a\u00fan est\u00e1 por aprender y encontrar soluciones creativas a problemas que todav\u00eda no existen.<\/em><\/em><\/p>\n<\/div>\n\n\n\n<div class=\"wp-block-column is-layout-flow wp-block-column-is-layout-flow\">\n<figure class=\"wp-block-image size-full\"><img loading=\"lazy\" decoding=\"async\" width=\"360\" height=\"360\" src=\"https:\/\/www.campusdescriptura.com\/wp-content\/uploads\/2026\/01\/Equip_EE_Josh_quadrat.webp\" alt=\"\" class=\"wp-image-4520\" style=\"aspect-ratio:1;object-fit:cover\" srcset=\"https:\/\/www.campusdescriptura.com\/wp-content\/uploads\/2026\/01\/Equip_EE_Josh_quadrat.webp 360w, https:\/\/www.campusdescriptura.com\/wp-content\/uploads\/2026\/01\/Equip_EE_Josh_quadrat-300x300.webp 300w, https:\/\/www.campusdescriptura.com\/wp-content\/uploads\/2026\/01\/Equip_EE_Josh_quadrat-150x150.webp 150w, https:\/\/www.campusdescriptura.com\/wp-content\/uploads\/2026\/01\/Equip_EE_Josh_quadrat-100x100.webp 100w\" sizes=\"auto, (max-width: 360px) 100vw, 360px\" \/><\/figure>\n\n\n\n<div style=\"height:4px\" aria-hidden=\"true\" class=\"wp-block-spacer\"><\/div>\n\n\n\n<div class=\"wp-block-group is-layout-flow wp-block-group-is-layout-flow\">\n<div class=\"wp-block-group is-layout-flow wp-container-core-group-is-layout-7661d4d4 wp-block-group-is-layout-flow\">\n<h3 class=\"wp-block-heading has-medium-font-size\" style=\"font-style:normal;font-weight:700\">Joshua Clemente<\/h3>\n\n\n\n<p>Administraci\u00f3n<\/p>\n<\/div>\n<\/div>\n\n\n\n<p><em>Le gustan los deportes, pasear con su perra por Montju\u00efc, el sushi, leer historias sobre civilizaciones antiguas y sumergirse en los n\u00fameros.<\/em><\/p>\n<\/div>\n<\/div>\n\n\n\n<div style=\"height:calc( 0.25 * var(--wp--style--root--padding-right, var(--wp--custom--gap--horizontal)))\" aria-hidden=\"true\" class=\"wp-block-spacer\"><\/div>\n\n\n\n<div class=\"wp-block-columns alignwide is-layout-flex wp-container-core-columns-is-layout-d0846407 wp-block-columns-is-layout-flex\">\n<div class=\"wp-block-column is-layout-flow wp-block-column-is-layout-flow\">\n<figure class=\"wp-block-image size-full\"><img loading=\"lazy\" decoding=\"async\" width=\"461\" height=\"307\" src=\"https:\/\/www.campusdescriptura.com\/wp-content\/uploads\/2026\/01\/Equip_EE_Miri.webp\" alt=\"\" class=\"wp-image-4522\" style=\"aspect-ratio:1;object-fit:cover\" srcset=\"https:\/\/www.campusdescriptura.com\/wp-content\/uploads\/2026\/01\/Equip_EE_Miri.webp 461w, https:\/\/www.campusdescriptura.com\/wp-content\/uploads\/2026\/01\/Equip_EE_Miri-300x200.webp 300w\" sizes=\"auto, (max-width: 461px) 100vw, 461px\" \/><\/figure>\n\n\n\n<div style=\"height:4px\" aria-hidden=\"true\" class=\"wp-block-spacer\"><\/div>\n\n\n\n<div class=\"wp-block-group is-layout-flow wp-container-core-group-is-layout-7661d4d4 wp-block-group-is-layout-flow\">\n<h3 class=\"wp-block-heading has-medium-font-size\" style=\"font-style:normal;font-weight:700\">M\u00edriam Garcia<\/h3>\n\n\n\n<p>Atenci\u00f3n al Alumnado<\/p>\n<\/div>\n\n\n\n<p><em>Le gustan los bombones de chocolate negro, los viajes ex\u00f3ticos, la fotograf\u00eda que narra lo que las palabras no saben decir, los cuentos sofisticadamente siniestros de Shirley Jackson y hacer que el alumnado y el profesorado se sientan como en casa.<\/em><\/p>\n<\/div>\n\n\n\n<div class=\"wp-block-column is-layout-flow wp-block-column-is-layout-flow\">\n<figure class=\"wp-block-image size-full\"><img decoding=\"async\" src=\"https:\/\/www.campusdescriptura.com\/wp-content\/uploads\/2026\/01\/Equip_EE_Ana_quadrat.webp\" alt=\"\" class=\"wp-image-4519\" style=\"aspect-ratio:1;object-fit:cover\"\/><\/figure>\n\n\n\n<div style=\"height:4px\" aria-hidden=\"true\" class=\"wp-block-spacer\"><\/div>\n\n\n\n<div class=\"wp-block-group is-layout-flow wp-block-group-is-layout-flow\">\n<div class=\"wp-block-group is-layout-flow wp-container-core-group-is-layout-7661d4d4 wp-block-group-is-layout-flow\">\n<h3 class=\"wp-block-heading has-medium-font-size\" style=\"font-style:normal;font-weight:700\">Ana Moya<\/h3>\n\n\n\n<p>Secretar\u00eda<\/p>\n<\/div>\n<\/div>\n\n\n\n<p><em><em><em>Le gustan las pel\u00edculas en blanco y negro, viajar con mochila, defender que la cultura africana es la mejor del mundo, la imaginaci\u00f3n indomable de las hermanas Bront\u00eb y responder correos como si fuera un deporte de \u00e9lite, entre caf\u00e9 y caf\u00e9.<\/em><\/em><\/em><\/p>\n<\/div>\n\n\n\n<div class=\"wp-block-column is-layout-flow wp-block-column-is-layout-flow\">\n<figure class=\"wp-block-image size-full\"><img loading=\"lazy\" decoding=\"async\" width=\"461\" height=\"307\" src=\"https:\/\/www.campusdescriptura.com\/wp-content\/uploads\/2026\/01\/Equip_EE_Tam.webp\" alt=\"\" class=\"wp-image-4524\" style=\"aspect-ratio:1;object-fit:cover\" srcset=\"https:\/\/www.campusdescriptura.com\/wp-content\/uploads\/2026\/01\/Equip_EE_Tam.webp 461w, https:\/\/www.campusdescriptura.com\/wp-content\/uploads\/2026\/01\/Equip_EE_Tam-300x200.webp 300w\" sizes=\"auto, (max-width: 461px) 100vw, 461px\" \/><\/figure>\n\n\n\n<div style=\"height:4px\" aria-hidden=\"true\" class=\"wp-block-spacer\"><\/div>\n\n\n\n<div class=\"wp-block-group is-layout-flow wp-block-group-is-layout-flow\">\n<div class=\"wp-block-group is-layout-flow wp-container-core-group-is-layout-7661d4d4 wp-block-group-is-layout-flow\">\n<h3 class=\"wp-block-heading has-medium-font-size\" style=\"font-style:normal;font-weight:700\">Tam Galbis<\/h3>\n\n\n\n<p>Comunicaci\u00f3n<\/p>\n<\/div>\n<\/div>\n\n\n\n<p><em>Le gustan los huevos estrellados con ib\u00e9rico, el oto\u00f1o, el post-rock, la escritura quir\u00fargica de Annie Ernaux y hablar sin filtros con cualquier persona del equipo.<\/em><\/p>\n<\/div>\n<\/div>\n\n\n\n<div class=\"wp-block-columns alignwide is-layout-flex wp-container-core-columns-is-layout-d0846407 wp-block-columns-is-layout-flex\">\n<div class=\"wp-block-column is-layout-flow wp-block-column-is-layout-flow\">\n<figure class=\"wp-block-image size-full\"><img decoding=\"async\" src=\"https:\/\/www.campusdescriptura.com\/wp-content\/uploads\/2026\/02\/Equip_EE_Franco-edited.webp\" alt=\"\" class=\"wp-image-5758\" style=\"aspect-ratio:1;object-fit:cover\"\/><\/figure>\n\n\n\n<div style=\"height:4px\" aria-hidden=\"true\" class=\"wp-block-spacer\"><\/div>\n\n\n\n<div class=\"wp-block-group is-layout-flow wp-container-core-group-is-layout-7661d4d4 wp-block-group-is-layout-flow\">\n<h3 class=\"wp-block-heading has-medium-font-size\" style=\"font-style:normal;font-weight:700\">Franco Chiaravalloti<\/h3>\n\n\n\n<p>Cursos virtuales<\/p>\n<\/div>\n\n\n\n<p><em><em><em>Le gustan el continente asi\u00e1tico desde Esmirna hasta el estrecho de Bering, la pizza napolitana, la geopol\u00edtica en sus diversas formas, las digresiones reflexivas de Milan Kundera y resolver los enredos inform\u00e1ticos del alumnado virtual de la Escuela.<\/em><\/em><\/em><\/p>\n<\/div>\n\n\n\n<div class=\"wp-block-column is-layout-flow wp-block-column-is-layout-flow\">\n<figure class=\"wp-block-image size-full\"><img decoding=\"async\" src=\"https:\/\/www.campusdescriptura.com\/wp-content\/uploads\/2026\/01\/Equip_EE_Dani.webp\" alt=\"\" class=\"wp-image-4539\" style=\"aspect-ratio:1;object-fit:cover\"\/><\/figure>\n\n\n\n<div style=\"height:4px\" aria-hidden=\"true\" class=\"wp-block-spacer\"><\/div>\n\n\n\n<div class=\"wp-block-group is-layout-flow wp-block-group-is-layout-flow\">\n<div class=\"wp-block-group is-layout-flow wp-container-core-group-is-layout-7661d4d4 wp-block-group-is-layout-flow\">\n<h3 class=\"wp-block-heading has-medium-font-size\" style=\"font-style:normal;font-weight:700\">Daniel Resnich<\/h3>\n\n\n\n<p>Empresas<\/p>\n<\/div>\n<\/div>\n\n\n\n<p><em><em><em>Le gustan las conversaciones que sorprenden, los riffs de guitarra y la poes\u00eda iceberg que te desgarra como un tango de Piazzolla, los pr\u00f3logos de Borges que arden en la noche y hacer germinar en clase historias que hacen bailar las miradas.<\/em><\/em><\/em><\/p>\n<\/div>\n\n\n\n<div class=\"wp-block-column is-layout-flow wp-block-column-is-layout-flow\">\n<figure class=\"wp-block-image size-full\"><img loading=\"lazy\" decoding=\"async\" width=\"360\" height=\"360\" src=\"https:\/\/www.campusdescriptura.com\/wp-content\/uploads\/2026\/01\/Equip_EE_Monica_quadrat.webp\" alt=\"\" class=\"wp-image-4528\" style=\"aspect-ratio:1;object-fit:cover\" srcset=\"https:\/\/www.campusdescriptura.com\/wp-content\/uploads\/2026\/01\/Equip_EE_Monica_quadrat.webp 360w, https:\/\/www.campusdescriptura.com\/wp-content\/uploads\/2026\/01\/Equip_EE_Monica_quadrat-300x300.webp 300w, https:\/\/www.campusdescriptura.com\/wp-content\/uploads\/2026\/01\/Equip_EE_Monica_quadrat-150x150.webp 150w, https:\/\/www.campusdescriptura.com\/wp-content\/uploads\/2026\/01\/Equip_EE_Monica_quadrat-100x100.webp 100w\" sizes=\"auto, (max-width: 360px) 100vw, 360px\" \/><\/figure>\n\n\n\n<div style=\"height:4px\" aria-hidden=\"true\" class=\"wp-block-spacer\"><\/div>\n\n\n\n<div class=\"wp-block-group is-layout-flow wp-block-group-is-layout-flow\">\n<div class=\"wp-block-group is-layout-flow wp-container-core-group-is-layout-7661d4d4 wp-block-group-is-layout-flow\">\n<h3 class=\"wp-block-heading has-medium-font-size\" style=\"font-style:normal;font-weight:700\">M\u00f2nica Morraja<\/h3>\n\n\n\n<p>Contabilidad<\/p>\n<\/div>\n<\/div>\n\n\n\n<p><em>Le gusta escuchar m\u00fasica todo el d\u00eda, la pasta al pesto, las historias de thriller psicol\u00f3gico y el arte de las finanzas en un ambiente de confianza y buen humor.<\/em><\/p>\n<\/div>\n<\/div>\n\n\n\n<div style=\"height:calc( 0.25 * var(--wp--style--root--padding-right, var(--wp--custom--gap--horizontal)))\" aria-hidden=\"true\" class=\"wp-block-spacer\"><\/div>\n<\/div>\n<\/div>\n<\/div>\n<\/div>\n<\/div>\n","protected":false},"excerpt":{"rendered":"<p>Pau P\u00e9rez Direcci\u00f3n Le gustan los arrecifes de coral, el cante flamenco, la lubina al hinojo, la sintaxis barroca de Alejo Carpentier y tomarse unas ca\u00f1as con su alumnado. Oriol Clar\u00f3s Adjunto a Direcci\u00f3n Le gustan la luz y el paisaje mediterr\u00e1neos, perderse por los rincones de Barcelona, la profundidad de los personajes atormentados de [&hellip;]<\/p>\n","protected":false},"author":7,"featured_media":0,"parent":0,"menu_order":0,"comment_status":"closed","ping_status":"closed","template":"","meta":{"_acf_changed":false,"inline_featured_image":false,"_uag_custom_page_level_css":"","footnotes":""},"class_list":["post-5030","page","type-page","status-publish","hentry"],"acf":[],"yoast_head":"<!-- This site is optimized with the Yoast SEO plugin v27.0 - https:\/\/yoast.com\/product\/yoast-seo-wordpress\/ -->\n<title>El equipo de gesti\u00f3n - Escola d&#039;Escriptura de Ateneu Barcelon\u00e8s<\/title>\n<meta name=\"robots\" content=\"index, follow, max-snippet:-1, max-image-preview:large, max-video-preview:-1\" \/>\n<link rel=\"canonical\" href=\"https:\/\/www.campusdescriptura.com\/es\/el-equipo-de-gestion\/\" \/>\n<meta property=\"og:locale\" content=\"es_ES\" \/>\n<meta property=\"og:type\" content=\"article\" \/>\n<meta property=\"og:title\" content=\"El equipo de gesti\u00f3n - Escola d&#039;Escriptura de Ateneu Barcelon\u00e8s\" \/>\n<meta property=\"og:description\" content=\"Pau P\u00e9rez Direcci\u00f3n Le gustan los arrecifes de coral, el cante flamenco, la lubina al hinojo, la sintaxis barroca de Alejo Carpentier y tomarse unas ca\u00f1as con su alumnado. Oriol Clar\u00f3s Adjunto a Direcci\u00f3n Le gustan la luz y el paisaje mediterr\u00e1neos, perderse por los rincones de Barcelona, la profundidad de los personajes atormentados de [&hellip;]\" \/>\n<meta property=\"og:url\" content=\"https:\/\/www.campusdescriptura.com\/es\/el-equipo-de-gestion\/\" \/>\n<meta property=\"og:site_name\" content=\"Escola d&#039;Escriptura de Ateneu Barcelon\u00e8s\" \/>\n<meta property=\"article:modified_time\" content=\"2026-03-02T15:33:06+00:00\" \/>\n<meta property=\"og:image\" content=\"https:\/\/www.campusdescriptura.com\/wp-content\/uploads\/2026\/01\/Equip_EE_Pau_quadrat.webp\" \/>\n\t<meta property=\"og:image:width\" content=\"360\" \/>\n\t<meta property=\"og:image:height\" content=\"360\" \/>\n\t<meta property=\"og:image:type\" content=\"image\/jpeg\" \/>\n<meta name=\"twitter:card\" content=\"summary_large_image\" \/>\n<meta name=\"twitter:label1\" content=\"Tiempo de lectura\" \/>\n\t<meta name=\"twitter:data1\" content=\"4 minutos\" \/>\n<script type=\"application\/ld+json\" class=\"yoast-schema-graph\">{\"@context\":\"https:\/\/schema.org\",\"@graph\":[{\"@type\":\"WebPage\",\"@id\":\"https:\/\/www.campusdescriptura.com\/es\/el-equipo-de-gestion\/\",\"url\":\"https:\/\/www.campusdescriptura.com\/es\/el-equipo-de-gestion\/\",\"name\":\"El equipo de gesti\u00f3n - Escola d&#039;Escriptura de Ateneu Barcelon\u00e8s\",\"isPartOf\":{\"@id\":\"https:\/\/www.campusdescriptura.com\/es\/#website\"},\"primaryImageOfPage\":{\"@id\":\"https:\/\/www.campusdescriptura.com\/es\/el-equipo-de-gestion\/#primaryimage\"},\"image\":{\"@id\":\"https:\/\/www.campusdescriptura.com\/es\/el-equipo-de-gestion\/#primaryimage\"},\"thumbnailUrl\":\"https:\/\/www.campusdescriptura.com\/wp-content\/uploads\/2026\/01\/Equip_EE_Pau_quadrat.webp\",\"datePublished\":\"2026-01-28T14:59:59+00:00\",\"dateModified\":\"2026-03-02T15:33:06+00:00\",\"breadcrumb\":{\"@id\":\"https:\/\/www.campusdescriptura.com\/es\/el-equipo-de-gestion\/#breadcrumb\"},\"inLanguage\":\"es\",\"potentialAction\":[{\"@type\":\"ReadAction\",\"target\":[\"https:\/\/www.campusdescriptura.com\/es\/el-equipo-de-gestion\/\"]}]},{\"@type\":\"ImageObject\",\"inLanguage\":\"es\",\"@id\":\"https:\/\/www.campusdescriptura.com\/es\/el-equipo-de-gestion\/#primaryimage\",\"url\":\"https:\/\/www.campusdescriptura.com\/wp-content\/uploads\/2026\/01\/Equip_EE_Pau_quadrat.webp\",\"contentUrl\":\"https:\/\/www.campusdescriptura.com\/wp-content\/uploads\/2026\/01\/Equip_EE_Pau_quadrat.webp\"},{\"@type\":\"BreadcrumbList\",\"@id\":\"https:\/\/www.campusdescriptura.com\/es\/el-equipo-de-gestion\/#breadcrumb\",\"itemListElement\":[{\"@type\":\"ListItem\",\"position\":1,\"name\":\"Inici\",\"item\":\"https:\/\/www.campusdescriptura.com\/es\/\"},{\"@type\":\"ListItem\",\"position\":2,\"name\":\"El equipo de gesti\u00f3n\"}]},{\"@type\":\"WebSite\",\"@id\":\"https:\/\/www.campusdescriptura.com\/es\/#website\",\"url\":\"https:\/\/www.campusdescriptura.com\/es\/\",\"name\":\"Escola d'escriptura\",\"description\":\"Comen\u00e7a la teva hist\u00f2ria\",\"potentialAction\":[{\"@type\":\"SearchAction\",\"target\":{\"@type\":\"EntryPoint\",\"urlTemplate\":\"https:\/\/www.campusdescriptura.com\/es\/?s={search_term_string}\"},\"query-input\":{\"@type\":\"PropertyValueSpecification\",\"valueRequired\":true,\"valueName\":\"search_term_string\"}}],\"inLanguage\":\"es\"}]}<\/script>\n<!-- \/ Yoast SEO plugin. -->","yoast_head_json":{"title":"El equipo de gesti\u00f3n - Escola d&#039;Escriptura de Ateneu Barcelon\u00e8s","robots":{"index":"index","follow":"follow","max-snippet":"max-snippet:-1","max-image-preview":"max-image-preview:large","max-video-preview":"max-video-preview:-1"},"canonical":"https:\/\/www.campusdescriptura.com\/es\/el-equipo-de-gestion\/","og_locale":"es_ES","og_type":"article","og_title":"El equipo de gesti\u00f3n - Escola d&#039;Escriptura de Ateneu Barcelon\u00e8s","og_description":"Pau P\u00e9rez Direcci\u00f3n Le gustan los arrecifes de coral, el cante flamenco, la lubina al hinojo, la sintaxis barroca de Alejo Carpentier y tomarse unas ca\u00f1as con su alumnado. Oriol Clar\u00f3s Adjunto a Direcci\u00f3n Le gustan la luz y el paisaje mediterr\u00e1neos, perderse por los rincones de Barcelona, la profundidad de los personajes atormentados de [&hellip;]","og_url":"https:\/\/www.campusdescriptura.com\/es\/el-equipo-de-gestion\/","og_site_name":"Escola d&#039;Escriptura de Ateneu Barcelon\u00e8s","article_modified_time":"2026-03-02T15:33:06+00:00","og_image":[{"width":360,"height":360,"url":"https:\/\/www.campusdescriptura.com\/wp-content\/uploads\/2026\/01\/Equip_EE_Pau_quadrat.webp","type":"image\/jpeg"}],"twitter_card":"summary_large_image","twitter_misc":{"Tiempo de lectura":"4 minutos"},"schema":{"@context":"https:\/\/schema.org","@graph":[{"@type":"WebPage","@id":"https:\/\/www.campusdescriptura.com\/es\/el-equipo-de-gestion\/","url":"https:\/\/www.campusdescriptura.com\/es\/el-equipo-de-gestion\/","name":"El equipo de gesti\u00f3n - Escola d&#039;Escriptura de Ateneu Barcelon\u00e8s","isPartOf":{"@id":"https:\/\/www.campusdescriptura.com\/es\/#website"},"primaryImageOfPage":{"@id":"https:\/\/www.campusdescriptura.com\/es\/el-equipo-de-gestion\/#primaryimage"},"image":{"@id":"https:\/\/www.campusdescriptura.com\/es\/el-equipo-de-gestion\/#primaryimage"},"thumbnailUrl":"https:\/\/www.campusdescriptura.com\/wp-content\/uploads\/2026\/01\/Equip_EE_Pau_quadrat.webp","datePublished":"2026-01-28T14:59:59+00:00","dateModified":"2026-03-02T15:33:06+00:00","breadcrumb":{"@id":"https:\/\/www.campusdescriptura.com\/es\/el-equipo-de-gestion\/#breadcrumb"},"inLanguage":"es","potentialAction":[{"@type":"ReadAction","target":["https:\/\/www.campusdescriptura.com\/es\/el-equipo-de-gestion\/"]}]},{"@type":"ImageObject","inLanguage":"es","@id":"https:\/\/www.campusdescriptura.com\/es\/el-equipo-de-gestion\/#primaryimage","url":"https:\/\/www.campusdescriptura.com\/wp-content\/uploads\/2026\/01\/Equip_EE_Pau_quadrat.webp","contentUrl":"https:\/\/www.campusdescriptura.com\/wp-content\/uploads\/2026\/01\/Equip_EE_Pau_quadrat.webp"},{"@type":"BreadcrumbList","@id":"https:\/\/www.campusdescriptura.com\/es\/el-equipo-de-gestion\/#breadcrumb","itemListElement":[{"@type":"ListItem","position":1,"name":"Inici","item":"https:\/\/www.campusdescriptura.com\/es\/"},{"@type":"ListItem","position":2,"name":"El equipo de gesti\u00f3n"}]},{"@type":"WebSite","@id":"https:\/\/www.campusdescriptura.com\/es\/#website","url":"https:\/\/www.campusdescriptura.com\/es\/","name":"Escola d'escriptura","description":"Comen\u00e7a la teva hist\u00f2ria","potentialAction":[{"@type":"SearchAction","target":{"@type":"EntryPoint","urlTemplate":"https:\/\/www.campusdescriptura.com\/es\/?s={search_term_string}"},"query-input":{"@type":"PropertyValueSpecification","valueRequired":true,"valueName":"search_term_string"}}],"inLanguage":"es"}]}},"uagb_featured_image_src":{"full":false,"thumbnail":false,"medium":false,"medium_large":false,"large":false,"1536x1536":false,"2048x2048":false,"gform-image-choice-sm":false,"gform-image-choice-md":false,"gform-image-choice-lg":false,"woocommerce_thumbnail":false,"woocommerce_single":false,"woocommerce_gallery_thumbnail":false},"uagb_author_info":{"display_name":"M\u00edriam Garc\u00eda","author_link":"https:\/\/www.campusdescriptura.com\/es\/author\/miriam\/"},"uagb_comment_info":0,"uagb_excerpt":"Pau P\u00e9rez Direcci\u00f3n Le gustan los arrecifes de coral, el cante flamenco, la lubina al hinojo, la sintaxis barroca de Alejo Carpentier y tomarse unas ca\u00f1as con su alumnado. Oriol Clar\u00f3s Adjunto a Direcci\u00f3n Le gustan la luz y el paisaje mediterr\u00e1neos, perderse por los rincones de Barcelona, la profundidad de los personajes atormentados de&hellip;","_links":{"self":[{"href":"https:\/\/www.campusdescriptura.com\/es\/wp-json\/wp\/v2\/pages\/5030","targetHints":{"allow":["GET"]}}],"collection":[{"href":"https:\/\/www.campusdescriptura.com\/es\/wp-json\/wp\/v2\/pages"}],"about":[{"href":"https:\/\/www.campusdescriptura.com\/es\/wp-json\/wp\/v2\/types\/page"}],"author":[{"embeddable":true,"href":"https:\/\/www.campusdescriptura.com\/es\/wp-json\/wp\/v2\/users\/7"}],"replies":[{"embeddable":true,"href":"https:\/\/www.campusdescriptura.com\/es\/wp-json\/wp\/v2\/comments?post=5030"}],"version-history":[{"count":9,"href":"https:\/\/www.campusdescriptura.com\/es\/wp-json\/wp\/v2\/pages\/5030\/revisions"}],"predecessor-version":[{"id":6011,"href":"https:\/\/www.campusdescriptura.com\/es\/wp-json\/wp\/v2\/pages\/5030\/revisions\/6011"}],"wp:attachment":[{"href":"https:\/\/www.campusdescriptura.com\/es\/wp-json\/wp\/v2\/media?parent=5030"}],"curies":[{"name":"wp","href":"https:\/\/api.w.org\/{rel}","templated":true}]}}